{"id":84,"date":"2025-11-24T08:58:44","date_gmt":"2025-11-24T07:58:44","guid":{"rendered":"https:\/\/pracek.si\/servis-telefonov\/?page_id=84"},"modified":"2025-11-29T15:30:57","modified_gmt":"2025-11-29T14:30:57","slug":"popravilo-kamere-na-telefonu","status":"publish","type":"page","link":"https:\/\/pracek.si\/servis-telefonov\/popravilo-kamere-na-telefonu\/","title":{"rendered":"Popravilo kamere na telefonu"},"content":{"rendered":"<table style=\"width:100%; border-collapse:collapse; text-align:center;\">\n<tr>\n<td style=\"border:1px solid #ccc; padding:10px;\">\n      <a href=\"https:\/\/pracek.si\/servis-telefonov\/\" style=\"text-decoration:underline;\">Ajdov\u0161\u010dina<\/a>\n    <\/td>\n<td style=\"border:1px solid #ccc; padding:10px;\">\n      <a href=\"https:\/\/share.google\/LvT9VzdziwNs0rTRZ\" style=\"text-decoration:underline;\" target=\"_blank\" rel=\"noopener\">Ljubljana<\/a>\n    <\/td>\n<td style=\"border:1px solid #ccc; padding:10px;\">\n      <a href=\"https:\/\/pracek.si\/racunalniski-servis-postojna\/\" style=\"text-decoration:underline;\">Postojna<\/a>\n    <\/td>\n<td style=\"border:1px solid #ccc; padding:10px;\">\n      <a href=\"https:\/\/pracek.si\/servis-telefonov\/servis-telefonov-po-posti\/\" style=\"text-decoration:underline;\">Po po\u0161ti<\/a>\n    <\/td>\n<\/tr>\n<\/table>\n\n\n\n\n<p>\u010ce kamera na va\u0161em telefonu ne deluje, so posnetki zamegljeni ali aplikacija kamere sploh ne odpre, je \u010das za strokovni pregled. V servisu <strong>Pra\u010dek.si<\/strong> opravimo <strong>menjavo ali popravilo sprednje in zadnje kamere<\/strong> za vse vrste telefonov \u2013 <strong>Samsung, iPhone, Xiaomi, Huawei, Oppo, Realme, OnePlus<\/strong> in druge.<\/p>\n\n\n\n<p>Uporabljamo <strong>originalne ali kakovostne nadomestne dele<\/strong>, popravilo pa je opravljeno <strong>hitro in z garancijo<\/strong>. Napravo lahko prinesete <strong>osebno v Ajdov\u0161\u010dino, Ljubljano ali Postojno<\/strong>, ali pa nam jo po\u0161ljete <strong>po po\u0161ti iz kateregakoli kraja v Sloveniji<\/strong>.<\/p>\n\n\n\n<p><strong>Po\u0161ljite povpra\u0161evanje za popravilo kamere<\/strong><br>Izpolnite obrazec oz nas kontaktirajte in v nekaj urah vam sporo\u010dimo ceno in \u010das popravila.<\/p>\n\n\n\n<figure class=\"wp-block-image aligncenter size-full is-resized\"><a href=\"https:\/\/pracek.si\/servis-telefonov\/kontakt\/#povprasevanje\"><img loading=\"lazy\" decoding=\"async\" width=\"956\" height=\"335\" src=\"https:\/\/pracek.si\/servis-telefonov\/wp-content\/uploads\/2025\/11\/povprasevanje.png\" alt=\"\" class=\"wp-image-91\" style=\"width:385px;height:auto\" srcset=\"https:\/\/pracek.si\/servis-telefonov\/wp-content\/uploads\/2025\/11\/povprasevanje.png 956w, https:\/\/pracek.si\/servis-telefonov\/wp-content\/uploads\/2025\/11\/povprasevanje-300x105.png 300w, https:\/\/pracek.si\/servis-telefonov\/wp-content\/uploads\/2025\/11\/povprasevanje-768x269.png 768w\" sizes=\"auto, (max-width: 956px) 100vw, 956px\" \/><\/a><\/figure>\n","protected":false},"excerpt":{"rendered":"<p>\u010ce kamera na va\u0161em telefonu ne deluje, so posnetki zamegljeni ali aplikacija kamere sploh ne odpre, je \u010das za strokovni pregled. V servisu Pra\u010dek.si opravimo menjavo ali popravilo sprednje in zadnje kamere za vse vrste telefonov \u2013 Samsung, iPhone, Xiaomi, Huawei, Oppo, Realme, OnePlus in druge. Uporabljamo originalne ali kakovostne nadomestne dele, popravilo pa je [&hellip;]<\/p>\n","protected":false},"author":1,"featured_media":0,"parent":0,"menu_order":0,"comment_status":"closed","ping_status":"closed","template":"","meta":{"footnotes":""},"class_list":["post-84","page","type-page","status-publish","hentry"],"_links":{"self":[{"href":"https:\/\/pracek.si\/servis-telefonov\/wp-json\/wp\/v2\/pages\/84","targetHints":{"allow":["GET"]}}],"collection":[{"href":"https:\/\/pracek.si\/servis-telefonov\/wp-json\/wp\/v2\/pages"}],"about":[{"href":"https:\/\/pracek.si\/servis-telefonov\/wp-json\/wp\/v2\/types\/page"}],"author":[{"embeddable":true,"href":"https:\/\/pracek.si\/servis-telefonov\/wp-json\/wp\/v2\/users\/1"}],"replies":[{"embeddable":true,"href":"https:\/\/pracek.si\/servis-telefonov\/wp-json\/wp\/v2\/comments?post=84"}],"version-history":[{"count":2,"href":"https:\/\/pracek.si\/servis-telefonov\/wp-json\/wp\/v2\/pages\/84\/revisions"}],"predecessor-version":[{"id":204,"href":"https:\/\/pracek.si\/servis-telefonov\/wp-json\/wp\/v2\/pages\/84\/revisions\/204"}],"wp:attachment":[{"href":"https:\/\/pracek.si\/servis-telefonov\/wp-json\/wp\/v2\/media?parent=84"}],"curies":[{"name":"wp","href":"https:\/\/api.w.org\/{rel}","templated":true}]}}