{"id":85,"date":"2025-11-24T09:01:10","date_gmt":"2025-11-24T08:01:10","guid":{"rendered":"https:\/\/pracek.si\/servis-telefonov\/?page_id=85"},"modified":"2025-11-29T15:25:44","modified_gmt":"2025-11-29T14:25:44","slug":"popravilo-zvocnikov-na-telefonu","status":"publish","type":"page","link":"https:\/\/pracek.si\/servis-telefonov\/popravilo-zvocnikov-na-telefonu\/","title":{"rendered":"Popravilo zvo\u010dnikov na telefonu"},"content":{"rendered":"<table style=\"width:100%; border-collapse:collapse; text-align:center;\">\n<tr>\n<td style=\"border:1px solid #ccc; padding:10px;\">\n      <a href=\"https:\/\/pracek.si\/servis-telefonov\/\" style=\"text-decoration:underline;\">Ajdov\u0161\u010dina<\/a>\n    <\/td>\n<td style=\"border:1px solid #ccc; padding:10px;\">\n      <a href=\"https:\/\/share.google\/LvT9VzdziwNs0rTRZ\" style=\"text-decoration:underline;\" target=\"_blank\" rel=\"noopener\">Ljubljana<\/a>\n    <\/td>\n<td style=\"border:1px solid #ccc; padding:10px;\">\n      <a href=\"https:\/\/pracek.si\/racunalniski-servis-postojna\/\" style=\"text-decoration:underline;\">Postojna<\/a>\n    <\/td>\n<td style=\"border:1px solid #ccc; padding:10px;\">\n      <a href=\"https:\/\/pracek.si\/servis-telefonov\/servis-telefonov-po-posti\/\" style=\"text-decoration:underline;\">Po po\u0161ti<\/a>\n    <\/td>\n<\/tr>\n<\/table>\n\n\n\n\n<p>\u010ce se vam med klicem sogovornika slabo sli\u0161i, \u010de va\u0161 telefon ne predvaja glasbe ali zvoka pri videih, je te\u017eava verjetno v <strong>okvari zvo\u010dnika ali ohi\u0161ja<\/strong>. V servisu <strong>Pra\u010dek.si<\/strong> opravimo hitro <strong>menjavo ali popravilo zvo\u010dnikov<\/strong> za vse znamke telefonov \u2013 <strong>Samsung, Apple, Xiaomi, Huawei, Oppo, Realme, OnePlus<\/strong> in druge.<\/p>\n\n\n\n<p>Najpogostej\u0161i vzroki so <strong>prah, vlaga, udarci ali obraba kontaktov<\/strong>, kar pogosto re\u0161imo \u017ee v nekaj urah. Popravilo opravimo <strong>z originalnimi ali kakovostnimi nadomestnimi deli<\/strong>, s <strong>preizkusom delovanja<\/strong> in <strong>garancijo na opravljen servis<\/strong>.<\/p>\n\n\n\n<p>Telefon lahko dostavite <strong>osebno v Ajdov\u0161\u010dino, Ljubljano ali Postojno<\/strong>, ali pa nam ga po\u0161ljete <strong>po po\u0161ti iz kateregakoli dela Slovenije<\/strong>.<\/p>\n\n\n\n<figure class=\"wp-block-image aligncenter size-full is-resized\"><a href=\"https:\/\/pracek.si\/servis-telefonov\/kontakt\/#povprasevanje\"><img loading=\"lazy\" decoding=\"async\" width=\"956\" height=\"335\" src=\"https:\/\/pracek.si\/servis-telefonov\/wp-content\/uploads\/2025\/11\/povprasevanje.png\" alt=\"\" class=\"wp-image-91\" style=\"width:385px;height:auto\" srcset=\"https:\/\/pracek.si\/servis-telefonov\/wp-content\/uploads\/2025\/11\/povprasevanje.png 956w, https:\/\/pracek.si\/servis-telefonov\/wp-content\/uploads\/2025\/11\/povprasevanje-300x105.png 300w, https:\/\/pracek.si\/servis-telefonov\/wp-content\/uploads\/2025\/11\/povprasevanje-768x269.png 768w\" sizes=\"auto, (max-width: 956px) 100vw, 956px\" \/><\/a><\/figure>\n","protected":false},"excerpt":{"rendered":"<p>\u010ce se vam med klicem sogovornika slabo sli\u0161i, \u010de va\u0161 telefon ne predvaja glasbe ali zvoka pri videih, je te\u017eava verjetno v okvari zvo\u010dnika ali ohi\u0161ja. V servisu Pra\u010dek.si opravimo hitro menjavo ali popravilo zvo\u010dnikov za vse znamke telefonov \u2013 Samsung, Apple, Xiaomi, Huawei, Oppo, Realme, OnePlus in druge. Najpogostej\u0161i vzroki so prah, vlaga, udarci [&hellip;]<\/p>\n","protected":false},"author":1,"featured_media":0,"parent":0,"menu_order":0,"comment_status":"closed","ping_status":"closed","template":"","meta":{"footnotes":""},"class_list":["post-85","page","type-page","status-publish","hentry"],"_links":{"self":[{"href":"https:\/\/pracek.si\/servis-telefonov\/wp-json\/wp\/v2\/pages\/85","targetHints":{"allow":["GET"]}}],"collection":[{"href":"https:\/\/pracek.si\/servis-telefonov\/wp-json\/wp\/v2\/pages"}],"about":[{"href":"https:\/\/pracek.si\/servis-telefonov\/wp-json\/wp\/v2\/types\/page"}],"author":[{"embeddable":true,"href":"https:\/\/pracek.si\/servis-telefonov\/wp-json\/wp\/v2\/users\/1"}],"replies":[{"embeddable":true,"href":"https:\/\/pracek.si\/servis-telefonov\/wp-json\/wp\/v2\/comments?post=85"}],"version-history":[{"count":2,"href":"https:\/\/pracek.si\/servis-telefonov\/wp-json\/wp\/v2\/pages\/85\/revisions"}],"predecessor-version":[{"id":199,"href":"https:\/\/pracek.si\/servis-telefonov\/wp-json\/wp\/v2\/pages\/85\/revisions\/199"}],"wp:attachment":[{"href":"https:\/\/pracek.si\/servis-telefonov\/wp-json\/wp\/v2\/media?parent=85"}],"curies":[{"name":"wp","href":"https:\/\/api.w.org\/{rel}","templated":true}]}}