{"id":86,"date":"2025-11-24T09:01:42","date_gmt":"2025-11-24T08:01:42","guid":{"rendered":"https:\/\/pracek.si\/servis-telefonov\/?page_id=86"},"modified":"2025-11-29T15:31:01","modified_gmt":"2025-11-29T14:31:01","slug":"popravilo-mikrofona-na-telefonu","status":"publish","type":"page","link":"https:\/\/pracek.si\/servis-telefonov\/popravilo-mikrofona-na-telefonu\/","title":{"rendered":"Popravilo mikrofona na telefonu"},"content":{"rendered":"<table style=\"width:100%; border-collapse:collapse; text-align:center;\">\n<tr>\n<td style=\"border:1px solid #ccc; padding:10px;\">\n      <a href=\"https:\/\/pracek.si\/servis-telefonov\/\" style=\"text-decoration:underline;\">Ajdov\u0161\u010dina<\/a>\n    <\/td>\n<td style=\"border:1px solid #ccc; padding:10px;\">\n      <a href=\"https:\/\/share.google\/LvT9VzdziwNs0rTRZ\" style=\"text-decoration:underline;\" target=\"_blank\" rel=\"noopener\">Ljubljana<\/a>\n    <\/td>\n<td style=\"border:1px solid #ccc; padding:10px;\">\n      <a href=\"https:\/\/pracek.si\/racunalniski-servis-postojna\/\" style=\"text-decoration:underline;\">Postojna<\/a>\n    <\/td>\n<td style=\"border:1px solid #ccc; padding:10px;\">\n      <a href=\"https:\/\/pracek.si\/servis-telefonov\/servis-telefonov-po-posti\/\" style=\"text-decoration:underline;\">Po po\u0161ti<\/a>\n    <\/td>\n<\/tr>\n<\/table>\n\n\n\n\n<p>Ste opazili, da vas sogovorniki med klicem slabo sli\u0161ijo, ali da posnetki videov in glasovnih sporo\u010dil zvenijo pridu\u0161eno? Pogost vzrok je <strong>okvarjen ali zama\u0161en mikrofon<\/strong>. Na servisu <strong>Pra\u010dek.si<\/strong> poskrbimo za <strong>\u010di\u0161\u010denje, popravilo ali zamenjavo mikrofona<\/strong> na vseh vrstah telefonov \u2013 <strong>Samsung, iPhone, Xiaomi, Huawei, OnePlus, Oppo, Realme<\/strong> in drugih.<\/p>\n\n\n\n<p>Te\u017eava se lahko pojavi po <strong>padcu, stiku z vodo, prahu ali obrabi kontaktov<\/strong>. Pri nas mikrofon najprej <strong>temeljito testiramo<\/strong>, nato po potrebi zamenjamo s <strong>kakovostnim nadomestnim ali originalnim delom<\/strong>. Popravilo je hitro, z garancijo in mo\u017enostjo <strong>osebne dostave ali po\u0161iljanja po po\u0161ti<\/strong>.<\/p>\n\n\n\n<figure class=\"wp-block-image aligncenter size-full is-resized\"><a href=\"https:\/\/pracek.si\/servis-telefonov\/kontakt\/#povprasevanje\"><img loading=\"lazy\" decoding=\"async\" width=\"956\" height=\"335\" src=\"https:\/\/pracek.si\/servis-telefonov\/wp-content\/uploads\/2025\/11\/povprasevanje.png\" alt=\"\" class=\"wp-image-91\" style=\"width:385px;height:auto\" srcset=\"https:\/\/pracek.si\/servis-telefonov\/wp-content\/uploads\/2025\/11\/povprasevanje.png 956w, https:\/\/pracek.si\/servis-telefonov\/wp-content\/uploads\/2025\/11\/povprasevanje-300x105.png 300w, https:\/\/pracek.si\/servis-telefonov\/wp-content\/uploads\/2025\/11\/povprasevanje-768x269.png 768w\" sizes=\"auto, (max-width: 956px) 100vw, 956px\" \/><\/a><\/figure>\n","protected":false},"excerpt":{"rendered":"<p>Ste opazili, da vas sogovorniki med klicem slabo sli\u0161ijo, ali da posnetki videov in glasovnih sporo\u010dil zvenijo pridu\u0161eno? Pogost vzrok je okvarjen ali zama\u0161en mikrofon. Na servisu Pra\u010dek.si poskrbimo za \u010di\u0161\u010denje, popravilo ali zamenjavo mikrofona na vseh vrstah telefonov \u2013 Samsung, iPhone, Xiaomi, Huawei, OnePlus, Oppo, Realme in drugih. Te\u017eava se lahko pojavi po padcu, [&hellip;]<\/p>\n","protected":false},"author":1,"featured_media":0,"parent":0,"menu_order":0,"comment_status":"closed","ping_status":"closed","template":"","meta":{"footnotes":""},"class_list":["post-86","page","type-page","status-publish","hentry"],"_links":{"self":[{"href":"https:\/\/pracek.si\/servis-telefonov\/wp-json\/wp\/v2\/pages\/86","targetHints":{"allow":["GET"]}}],"collection":[{"href":"https:\/\/pracek.si\/servis-telefonov\/wp-json\/wp\/v2\/pages"}],"about":[{"href":"https:\/\/pracek.si\/servis-telefonov\/wp-json\/wp\/v2\/types\/page"}],"author":[{"embeddable":true,"href":"https:\/\/pracek.si\/servis-telefonov\/wp-json\/wp\/v2\/users\/1"}],"replies":[{"embeddable":true,"href":"https:\/\/pracek.si\/servis-telefonov\/wp-json\/wp\/v2\/comments?post=86"}],"version-history":[{"count":2,"href":"https:\/\/pracek.si\/servis-telefonov\/wp-json\/wp\/v2\/pages\/86\/revisions"}],"predecessor-version":[{"id":205,"href":"https:\/\/pracek.si\/servis-telefonov\/wp-json\/wp\/v2\/pages\/86\/revisions\/205"}],"wp:attachment":[{"href":"https:\/\/pracek.si\/servis-telefonov\/wp-json\/wp\/v2\/media?parent=86"}],"curies":[{"name":"wp","href":"https:\/\/api.w.org\/{rel}","templated":true}]}}