{"id":88,"date":"2025-11-24T09:03:01","date_gmt":"2025-11-24T08:03:01","guid":{"rendered":"https:\/\/pracek.si\/servis-telefonov\/?page_id=88"},"modified":"2025-11-29T15:31:31","modified_gmt":"2025-11-29T14:31:31","slug":"sistemska-ponastavitev-telefona","status":"publish","type":"page","link":"https:\/\/pracek.si\/servis-telefonov\/sistemska-ponastavitev-telefona\/","title":{"rendered":"Sistemska ponastavitev telefona"},"content":{"rendered":"<table style=\"width:100%; border-collapse:collapse; text-align:center;\">\n<tr>\n<td style=\"border:1px solid #ccc; padding:10px;\">\n      <a href=\"https:\/\/pracek.si\/servis-telefonov\/\" style=\"text-decoration:underline;\">Ajdov\u0161\u010dina<\/a>\n    <\/td>\n<td style=\"border:1px solid #ccc; padding:10px;\">\n      <a href=\"https:\/\/share.google\/LvT9VzdziwNs0rTRZ\" style=\"text-decoration:underline;\" target=\"_blank\" rel=\"noopener\">Ljubljana<\/a>\n    <\/td>\n<td style=\"border:1px solid #ccc; padding:10px;\">\n      <a href=\"https:\/\/pracek.si\/racunalniski-servis-postojna\/\" style=\"text-decoration:underline;\">Postojna<\/a>\n    <\/td>\n<td style=\"border:1px solid #ccc; padding:10px;\">\n      <a href=\"https:\/\/pracek.si\/servis-telefonov\/servis-telefonov-po-posti\/\" style=\"text-decoration:underline;\">Po po\u0161ti<\/a>\n    <\/td>\n<\/tr>\n<\/table>\n\n\n\n\n<p>\u010ce je va\u0161 telefon postal po\u010dasen, se pogosto zatika, odpira ne\u017eelene aplikacije ali ka\u017ee napake, je morda \u010das za <strong>sistemsko ponastavitev<\/strong>. V servisu <strong>Pra\u010dek.si<\/strong> poskrbimo, da telefon <strong>varno ponastavimo na tovarni\u0161ke nastavitve<\/strong>, brez tveganja za po\u0161kodbo sistema.<\/p>\n\n\n\n<p>Po postopku telefon deluje <strong>hitreje, brez napak in z najnovej\u0161o programsko posodobitvijo<\/strong>.<\/p>\n\n\n\n<p>Storitev izvajamo za vse znamke telefonov \u2013 <strong>Samsung, iPhone, Huawei, Xiaomi, Oppo, Realme, OnePlus<\/strong> in druge. Lahko nas obi\u0161\u010dete <strong>v Ajdov\u0161\u010dini, Ljubljani ali Postojni<\/strong>, ali pa po\u0161ljete telefon <strong>po po\u0161ti<\/strong>.<\/p>\n\n\n\n<figure class=\"wp-block-image aligncenter size-full is-resized\"><a href=\"https:\/\/pracek.si\/servis-telefonov\/kontakt\/#povprasevanje\"><img loading=\"lazy\" decoding=\"async\" width=\"956\" height=\"335\" src=\"https:\/\/pracek.si\/servis-telefonov\/wp-content\/uploads\/2025\/11\/povprasevanje.png\" alt=\"\" class=\"wp-image-91\" style=\"width:385px;height:auto\" srcset=\"https:\/\/pracek.si\/servis-telefonov\/wp-content\/uploads\/2025\/11\/povprasevanje.png 956w, https:\/\/pracek.si\/servis-telefonov\/wp-content\/uploads\/2025\/11\/povprasevanje-300x105.png 300w, https:\/\/pracek.si\/servis-telefonov\/wp-content\/uploads\/2025\/11\/povprasevanje-768x269.png 768w\" sizes=\"auto, (max-width: 956px) 100vw, 956px\" \/><\/a><\/figure>\n","protected":false},"excerpt":{"rendered":"<p>\u010ce je va\u0161 telefon postal po\u010dasen, se pogosto zatika, odpira ne\u017eelene aplikacije ali ka\u017ee napake, je morda \u010das za sistemsko ponastavitev. V servisu Pra\u010dek.si poskrbimo, da telefon varno ponastavimo na tovarni\u0161ke nastavitve, brez tveganja za po\u0161kodbo sistema. Po postopku telefon deluje hitreje, brez napak in z najnovej\u0161o programsko posodobitvijo. Storitev izvajamo za vse znamke telefonov [&hellip;]<\/p>\n","protected":false},"author":1,"featured_media":0,"parent":0,"menu_order":0,"comment_status":"closed","ping_status":"closed","template":"","meta":{"footnotes":""},"class_list":["post-88","page","type-page","status-publish","hentry"],"_links":{"self":[{"href":"https:\/\/pracek.si\/servis-telefonov\/wp-json\/wp\/v2\/pages\/88","targetHints":{"allow":["GET"]}}],"collection":[{"href":"https:\/\/pracek.si\/servis-telefonov\/wp-json\/wp\/v2\/pages"}],"about":[{"href":"https:\/\/pracek.si\/servis-telefonov\/wp-json\/wp\/v2\/types\/page"}],"author":[{"embeddable":true,"href":"https:\/\/pracek.si\/servis-telefonov\/wp-json\/wp\/v2\/users\/1"}],"replies":[{"embeddable":true,"href":"https:\/\/pracek.si\/servis-telefonov\/wp-json\/wp\/v2\/comments?post=88"}],"version-history":[{"count":2,"href":"https:\/\/pracek.si\/servis-telefonov\/wp-json\/wp\/v2\/pages\/88\/revisions"}],"predecessor-version":[{"id":210,"href":"https:\/\/pracek.si\/servis-telefonov\/wp-json\/wp\/v2\/pages\/88\/revisions\/210"}],"wp:attachment":[{"href":"https:\/\/pracek.si\/servis-telefonov\/wp-json\/wp\/v2\/media?parent=88"}],"curies":[{"name":"wp","href":"https:\/\/api.w.org\/{rel}","templated":true}]}}